{"id":367,"date":"2026-04-14T18:53:29","date_gmt":"2026-04-14T18:53:29","guid":{"rendered":"https:\/\/lengrenage.fr\/?page_id=367"},"modified":"2026-04-14T19:07:00","modified_gmt":"2026-04-14T19:07:00","slug":"nous-trouver","status":"publish","type":"page","link":"https:\/\/lengrenage.fr\/index.php\/nous-trouver\/","title":{"rendered":""},"content":{"rendered":"\t\t<div data-elementor-type=\"wp-page\" data-elementor-id=\"367\" class=\"elementor elementor-367\">\n\t\t\t\t<div class=\"elementor-element elementor-element-f75abc3 e-flex e-con-boxed e-con e-parent\" data-id=\"f75abc3\" data-element_type=\"container\" data-e-type=\"container\">\n\t\t\t\t\t<div class=\"e-con-inner\">\n\t\t\t\t\t<\/div>\n\t\t\t\t<\/div>\n\t\t<div class=\"elementor-element elementor-element-e249d79 e-flex e-con-boxed e-con e-parent\" data-id=\"e249d79\" data-element_type=\"container\" data-e-type=\"container\">\n\t\t\t\t\t<div class=\"e-con-inner\">\n\t\t<div class=\"elementor-element elementor-element-ca9f6f8 e-con-full e-flex e-con e-child\" data-id=\"ca9f6f8\" data-element_type=\"container\" data-e-type=\"container\">\n\t\t\t\t<div class=\"elementor-element elementor-element-dc11798 elementor-widget elementor-widget-text-editor\" data-id=\"dc11798\" data-element_type=\"widget\" data-e-type=\"widget\" data-widget_type=\"text-editor.default\">\n\t\t\t\t\t\t\t\t\t<h2><span style=\"color: #ff9900;\"><strong><u>Nos coordonn\u00e9es :<\/u><\/strong><\/span><\/h2><p>8 rue des fr\u00e8res Simon<br \/>88100 Saint-Di\u00e9-des-Vosges<\/p><p><strong><u>Nous contacter pendant nos heures de permanence au :<\/u><\/strong><\/p><p>T\u00e9l\u00e9phone :\u00a0<strong>09 52 79 56 04<\/strong><\/p><h2><span style=\"color: #ff9900;\"><strong><u>Nos permanences :<\/u><\/strong><\/span><\/h2><p>Mercredi de\u00a0<strong>14h00 \u00e0 18h00<\/strong><\/p><p>Mercredi de\u00a0<strong>18h00 \u00e0 19h00 sur rendez-vous<\/strong><\/p><p>Samedi de\u00a0 \u00a0\u00a0<strong>09h00 \u00e0 12h00<\/strong><\/p>\t\t\t\t\t\t\t\t<\/div>\n\t\t\t\t<\/div>\n\t\t<div class=\"elementor-element elementor-element-9d2adf6 e-con-full e-flex e-con e-child\" data-id=\"9d2adf6\" data-element_type=\"container\" data-e-type=\"container\">\n\t\t\t\t\t\t\t\n\t\t<img class=\"e-image-base \" \n\t\t\t\t\tdata-interaction-id=\"a7a1683\" \n\t\t \n\t\t \n\t\t\t\t\t\t\t\t\tid=\"269\"\n\t\t\t\t\t\t\t\t\t\t\t\tsrc=\"https:\/\/lengrenage.fr\/wp-content\/uploads\/2026\/04\/PA109346-scaled.jpg\"\n\t\t\t\t\t\t\t\t\t\t\t\twidth=\"2560\"\n\t\t\t\t\t\t\t\t\t\t\t\theight=\"1920\"\n\t\t\t\t\t\t\t\t\t\t\t\tsrcset=\"https:\/\/lengrenage.fr\/wp-content\/uploads\/2026\/04\/PA109346-scaled.jpg 2560w, https:\/\/lengrenage.fr\/wp-content\/uploads\/2026\/04\/PA109346-300x225.jpg 300w, https:\/\/lengrenage.fr\/wp-content\/uploads\/2026\/04\/PA109346-1024x768.jpg 1024w, https:\/\/lengrenage.fr\/wp-content\/uploads\/2026\/04\/PA109346-768x576.jpg 768w, https:\/\/lengrenage.fr\/wp-content\/uploads\/2026\/04\/PA109346-1536x1152.jpg 1536w, https:\/\/lengrenage.fr\/wp-content\/uploads\/2026\/04\/PA109346-2048x1536.jpg 2048w, https:\/\/lengrenage.fr\/wp-content\/uploads\/2026\/04\/PA109346-200x150.jpg 200w\"\n\t\t\t\t\t\t\t\t\t\t\t\talt=\"\"\n\t\t\t\t\t\t\/>\n\t\t\t\t\t<\/div>\n\t\t\t\t\t<\/div>\n\t\t\t\t<\/div>\n\t\t<div class=\"elementor-element elementor-element-fdda27f e-flex e-con-boxed e-con e-parent\" data-id=\"fdda27f\" data-element_type=\"container\" data-e-type=\"container\">\n\t\t\t\t\t<div class=\"e-con-inner\">\n\t\t\t\t<div class=\"elementor-element elementor-element-2223663 elementor-widget elementor-widget-google_maps\" data-id=\"2223663\" data-element_type=\"widget\" data-e-type=\"widget\" data-widget_type=\"google_maps.default\">\n\t\t\t\t\t\t\t<div class=\"elementor-custom-embed\">\n\t\t\t<iframe loading=\"lazy\"\n\t\t\t\t\tsrc=\"https:\/\/maps.google.com\/maps?q=8%20rue%20des%20fr%C3%A8res%20simon%2088100%20Saint-Di%C3%A9-des-Vosges&#038;t=m&#038;z=17&#038;output=embed&#038;iwloc=near\"\n\t\t\t\t\ttitle=\"8 rue des fr\u00e8res simon 88100 Saint-Di\u00e9-des-Vosges\"\n\t\t\t\t\taria-label=\"8 rue des fr\u00e8res simon 88100 Saint-Di\u00e9-des-Vosges\"\n\t\t\t><\/iframe>\n\t\t<\/div>\n\t\t\t\t\t\t<\/div>\n\t\t\t\t\t<\/div>\n\t\t\t\t<\/div>\n\t\t\t\t<\/div>\n\t\t","protected":false},"excerpt":{"rendered":"<p>Nos coordonn\u00e9es : 8 rue des fr\u00e8res Simon88100 Saint-Di\u00e9-des-Vosges Nous contacter pendant nos heures de permanence au : T\u00e9l\u00e9phone :\u00a009 52 79 56 04 Nos permanences : Mercredi de\u00a014h00 \u00e0 18h00 Mercredi de\u00a018h00 \u00e0 19h00 sur rendez-vous Samedi de\u00a0 \u00a0\u00a009h00 \u00e0 12h00<\/p>\n","protected":false},"author":1,"featured_media":0,"parent":0,"menu_order":0,"comment_status":"closed","ping_status":"closed","template":"","meta":{"footnotes":""},"class_list":["post-367","page","type-page","status-publish","hentry"],"_links":{"self":[{"href":"https:\/\/lengrenage.fr\/index.php\/wp-json\/wp\/v2\/pages\/367","targetHints":{"allow":["GET"]}}],"collection":[{"href":"https:\/\/lengrenage.fr\/index.php\/wp-json\/wp\/v2\/pages"}],"about":[{"href":"https:\/\/lengrenage.fr\/index.php\/wp-json\/wp\/v2\/types\/page"}],"author":[{"embeddable":true,"href":"https:\/\/lengrenage.fr\/index.php\/wp-json\/wp\/v2\/users\/1"}],"replies":[{"embeddable":true,"href":"https:\/\/lengrenage.fr\/index.php\/wp-json\/wp\/v2\/comments?post=367"}],"version-history":[{"count":4,"href":"https:\/\/lengrenage.fr\/index.php\/wp-json\/wp\/v2\/pages\/367\/revisions"}],"predecessor-version":[{"id":371,"href":"https:\/\/lengrenage.fr\/index.php\/wp-json\/wp\/v2\/pages\/367\/revisions\/371"}],"wp:attachment":[{"href":"https:\/\/lengrenage.fr\/index.php\/wp-json\/wp\/v2\/media?parent=367"}],"curies":[{"name":"wp","href":"https:\/\/api.w.org\/{rel}","templated":true}]}}