{"id":332,"date":"2026-04-14T15:45:44","date_gmt":"2026-04-14T15:45:44","guid":{"rendered":"https:\/\/lengrenage.fr\/?page_id=332"},"modified":"2026-04-14T18:35:21","modified_gmt":"2026-04-14T18:35:21","slug":"qui-sommes-nous","status":"publish","type":"page","link":"https:\/\/lengrenage.fr\/","title":{"rendered":""},"content":{"rendered":"\t\t<div data-elementor-type=\"wp-post\" data-elementor-id=\"332\" class=\"elementor elementor-332\">\n\t\t\t\t<div class=\"elementor-element elementor-element-9f17359 e-flex e-con-boxed e-con e-parent\" data-id=\"9f17359\" data-element_type=\"container\" data-e-type=\"container\">\n\t\t\t\t\t<div class=\"e-con-inner\">\n\t\t\t\t<div class=\"elementor-element elementor-element-48a1d2a elementor-widget elementor-widget-text-editor\" data-id=\"48a1d2a\" data-element_type=\"widget\" data-e-type=\"widget\" data-widget_type=\"text-editor.default\">\n\t\t\t\t\t\t\t\t\t<p><img fetchpriority=\"high\" decoding=\"async\" class=\"size-medium wp-image-320 alignleft\" src=\"http:\/\/lengrenage.fr\/wp-content\/uploads\/2026\/04\/Vue-Atelier-300x225.jpg\" alt=\"\" width=\"300\" height=\"225\" srcset=\"https:\/\/lengrenage.fr\/wp-content\/uploads\/2026\/04\/Vue-Atelier-300x225.jpg 300w, https:\/\/lengrenage.fr\/wp-content\/uploads\/2026\/04\/Vue-Atelier-768x576.jpg 768w, https:\/\/lengrenage.fr\/wp-content\/uploads\/2026\/04\/Vue-Atelier-200x150.jpg 200w, https:\/\/lengrenage.fr\/wp-content\/uploads\/2026\/04\/Vue-Atelier.jpg 880w\" sizes=\"(max-width: 300px) 100vw, 300px\" \/>L\u2019association\u00a0<strong>L\u2019Engrenage<\/strong>\u00a0a \u00e9t\u00e9 cr\u00e9\u00e9e en\u00a0<strong>mars 2014<\/strong>\u00a0avec pour objectif de promouvoir l\u2019usage du v\u00e9lo et de favoriser des pratiques plus durables autour de la mobilit\u00e9.<\/p><p>Notre association agit autour de plusieurs missions :<\/p><ul><li>permettre l\u2019<strong>apprentissage de l\u2019autor\u00e9paration et de l\u2019entretien de son v\u00e9lo<\/strong><\/li><li>d\u00e9velopper la\u00a0<strong>mobilit\u00e9 douce en milieu urbain<\/strong><\/li><li>encourager le\u00a0<strong>recyclage et le r\u00e9emploi des v\u00e9los<\/strong>, afin d\u2019\u00e9viter qu\u2019ils ne soient jet\u00e9s en d\u00e9chetterie<\/li><\/ul><h2><span style=\"color: #ff9900;\"><strong>Un atelier <span style=\"color: #ff9900;\">participatif<\/span><\/strong><\/span><\/h2><p>L\u2019Engrenage fonctionne gr\u00e2ce aux\u00a0<strong>adh\u00e9sions de ses membres<\/strong>\u00a0et aux\u00a0<strong>dons de v\u00e9los<\/strong>.<\/p><p>Pendant les heures de permanence de l\u2019atelier, les adh\u00e9rents peuvent venir\u00a0<strong>r\u00e9parer ou entretenir leur v\u00e9lo eux-m\u00eames<\/strong>, dans un esprit d\u2019entraide et de partage de connaissances.<\/p><p>Les membres s\u2019entraident entre eux, avec les\u00a0<strong>conseils et l\u2019accompagnement des b\u00e9n\u00e9voles<\/strong>\u00a0lorsque cela est n\u00e9cessaire. L\u2019objectif est de permettre \u00e0 chacun d\u2019apprendre \u00e0 entretenir son v\u00e9lo de mani\u00e8re autonome.<\/p><h2><span style=\"color: #ff9900;\"><strong>Le r\u00e9emploi des pi\u00e8ces<\/strong><\/span><\/h2><p>L\u2019Engrenage dispose \u00e9galement d\u2019un\u00a0<strong>stock de pi\u00e8ces d\u00e9tach\u00e9es d\u2019occasion<\/strong>\u00a0issues du recyclage de v\u00e9los. Ces pi\u00e8ces sont propos\u00e9es uniquement aux adh\u00e9rents afin de leur permettre de r\u00e9parer leur v\u00e9lo \u00e0 moindre co\u00fbt.<\/p><p>Nous ne vendons g\u00e9n\u00e9ralement\u00a0<strong>pas de pi\u00e8ces neuves<\/strong>\u00a0aux adh\u00e9rents, \u00e0 l\u2019exception de certains \u00e9l\u00e9ments d\u2019usure comme :<\/p><ul><li>les c\u00e2bles<\/li><li>les gaines<\/li><li>les patins de frein<\/li><\/ul><p>Ces pi\u00e8ces neuves sont principalement utilis\u00e9es pour\u00a0<strong>remettre en \u00e9tat les v\u00e9los destin\u00e9s \u00e0 la vente<\/strong>, lorsque les pi\u00e8ces recycl\u00e9es ne sont pas disponibles.<\/p>\t\t\t\t\t\t\t\t<\/div>\n\t\t\t\t\t<\/div>\n\t\t\t\t<\/div>\n\t\t\t\t<\/div>\n\t\t","protected":false},"excerpt":{"rendered":"<p>L\u2019association\u00a0L\u2019Engrenage\u00a0a \u00e9t\u00e9 cr\u00e9\u00e9e en\u00a0mars 2014\u00a0avec pour objectif de promouvoir l\u2019usage du v\u00e9lo et de favoriser des pratiques plus durables autour de la mobilit\u00e9. Notre association agit autour de plusieurs missions : permettre l\u2019apprentissage de l\u2019autor\u00e9paration et de l\u2019entretien de son v\u00e9lo d\u00e9velopper la\u00a0mobilit\u00e9 douce en milieu urbain encourager le\u00a0recyclage et le r\u00e9emploi des v\u00e9los, afin [&hellip;]<\/p>\n","protected":false},"author":1,"featured_media":0,"parent":0,"menu_order":0,"comment_status":"closed","ping_status":"closed","template":"","meta":{"footnotes":""},"class_list":["post-332","page","type-page","status-publish","hentry"],"_links":{"self":[{"href":"https:\/\/lengrenage.fr\/index.php\/wp-json\/wp\/v2\/pages\/332","targetHints":{"allow":["GET"]}}],"collection":[{"href":"https:\/\/lengrenage.fr\/index.php\/wp-json\/wp\/v2\/pages"}],"about":[{"href":"https:\/\/lengrenage.fr\/index.php\/wp-json\/wp\/v2\/types\/page"}],"author":[{"embeddable":true,"href":"https:\/\/lengrenage.fr\/index.php\/wp-json\/wp\/v2\/users\/1"}],"replies":[{"embeddable":true,"href":"https:\/\/lengrenage.fr\/index.php\/wp-json\/wp\/v2\/comments?post=332"}],"version-history":[{"count":8,"href":"https:\/\/lengrenage.fr\/index.php\/wp-json\/wp\/v2\/pages\/332\/revisions"}],"predecessor-version":[{"id":366,"href":"https:\/\/lengrenage.fr\/index.php\/wp-json\/wp\/v2\/pages\/332\/revisions\/366"}],"wp:attachment":[{"href":"https:\/\/lengrenage.fr\/index.php\/wp-json\/wp\/v2\/media?parent=332"}],"curies":[{"name":"wp","href":"https:\/\/api.w.org\/{rel}","templated":true}]}}